{"id":89,"date":"2022-08-04T13:40:25","date_gmt":"2022-08-04T11:40:25","guid":{"rendered":"https:\/\/storno.net.pl\/?page_id=89"},"modified":"2022-08-09T10:05:26","modified_gmt":"2022-08-09T08:05:26","slug":"oferta","status":"publish","type":"page","link":"https:\/\/storno.net.pl\/index.php\/oferta\/","title":{"rendered":"Oferta"},"content":{"rendered":"\n<hr class=\"wp-block-separator has-alpha-channel-opacity\"\/>\n\n\n\n<div class=\"wp-block-media-text alignwide is-stacked-on-mobile\"><figure class=\"wp-block-media-text__media\"><img loading=\"lazy\" width=\"999\" height=\"667\" src=\"https:\/\/storno.net.pl\/wp-content\/uploads\/2022\/08\/Depositphotos_223454960_S.jpg\" alt=\"\" class=\"wp-image-152 size-full\" srcset=\"https:\/\/storno.net.pl\/wp-content\/uploads\/2022\/08\/Depositphotos_223454960_S.jpg 999w, https:\/\/storno.net.pl\/wp-content\/uploads\/2022\/08\/Depositphotos_223454960_S-300x200.jpg 300w, https:\/\/storno.net.pl\/wp-content\/uploads\/2022\/08\/Depositphotos_223454960_S-768x513.jpg 768w\" sizes=\"(max-width: 999px) 100vw, 999px\" \/><\/figure><div class=\"wp-block-media-text__content\">\n<h4><strong><a href=\"https:\/\/storno.net.pl\/\">Ksi\u0119gowo\u015b\u0107<\/a><\/strong><\/h4>\n\n\n\n<p>Oferujemy pe\u0142n\u0105 obs\u0142ug\u0119 ksi\u0119gow\u0105 firmy. Rozliczamy przedsi\u0119biorstwa o r\u00f3\u017cnym profilu dzia\u0142alno\u015bci.<br>Nie tylko rozliczamy, ale r\u00f3wnie\u017c doradzamy naszym Klientom, jakie rozwi\u0105zania b\u0119d\u0105 dla nich najkorzystniejsze w sferze podatkowej.<\/p>\n\n\n\n<p><\/p>\n<\/div><\/div>\n\n\n\n<hr class=\"wp-block-separator has-alpha-channel-opacity\"\/>\n\n\n\n<div class=\"wp-block-media-text alignwide has-media-on-the-right is-stacked-on-mobile\"><figure class=\"wp-block-media-text__media\"><img loading=\"lazy\" width=\"999\" height=\"667\" src=\"https:\/\/storno.net.pl\/wp-content\/uploads\/2022\/08\/Depositphotos_223447250_S.jpg\" alt=\"\" class=\"wp-image-154 size-full\" srcset=\"https:\/\/storno.net.pl\/wp-content\/uploads\/2022\/08\/Depositphotos_223447250_S.jpg 999w, https:\/\/storno.net.pl\/wp-content\/uploads\/2022\/08\/Depositphotos_223447250_S-300x200.jpg 300w, https:\/\/storno.net.pl\/wp-content\/uploads\/2022\/08\/Depositphotos_223447250_S-768x513.jpg 768w\" sizes=\"(max-width: 999px) 100vw, 999px\" \/><\/figure><div class=\"wp-block-media-text__content\">\n<p><strong>Kadry i P\u0142ace<\/strong><\/p>\n\n\n\n<p>Nasi Klienci nie martwi\u0105 si\u0119 o dokumenty do ZUS, umowy czy naliczanie wynagrodze\u0144 &#8211; mog\u0105 zaj\u0105\u0107 si\u0119 prowadzeniem dzia\u0142alno\u015bci, a sprawy formalne zostawi\u0107 w naszych r\u0119kach.<br>Oferujemy Pa\u0144stwu profesjonalne prowadzenie pe\u0142nej dokumentacji pracowniczej oraz obs\u0142ug\u0119 kadrowo-p\u0142acow\u0105 przedsi\u0119biorstw.<\/p>\n\n\n\n<p><\/p>\n<\/div><\/div>\n\n\n\n<hr class=\"wp-block-separator has-alpha-channel-opacity\"\/>\n\n\n\n<div class=\"wp-block-media-text alignwide is-stacked-on-mobile\"><figure class=\"wp-block-media-text__media\"><img loading=\"lazy\" width=\"999\" height=\"667\" src=\"https:\/\/storno.net.pl\/wp-content\/uploads\/2022\/08\/Depositphotos_232405318_S.jpg\" alt=\"\" class=\"wp-image-156 size-full\" srcset=\"https:\/\/storno.net.pl\/wp-content\/uploads\/2022\/08\/Depositphotos_232405318_S.jpg 999w, https:\/\/storno.net.pl\/wp-content\/uploads\/2022\/08\/Depositphotos_232405318_S-300x200.jpg 300w, https:\/\/storno.net.pl\/wp-content\/uploads\/2022\/08\/Depositphotos_232405318_S-768x513.jpg 768w\" sizes=\"(max-width: 999px) 100vw, 999px\" \/><\/figure><div class=\"wp-block-media-text__content\">\n<p><strong>Sprawozdawczo\u015b\u0107 <\/strong><\/p>\n\n\n\n<p>Oferujemy przygotowanie sprawozda\u0144 i raport\u00f3w finansowych przedsi\u0119biorstw do cel\u00f3w kredytowych i leasingowych.<br>Nasze us\u0142ugi dostosowujemy do potrzeb i oczekiwa\u0144 Klient\u00f3w: sprawozdania i raporty finansowe przygotowywane s\u0105 w oparciu o przekazany wz\u00f3r lub na podstawie opracowanego przez nas raportu.<\/p>\n\n\n\n<p><\/p>\n<\/div><\/div>\n\n\n\n<hr class=\"wp-block-separator has-alpha-channel-opacity\"\/>\n\n\n\n<div class=\"wp-block-media-text alignwide has-media-on-the-right is-stacked-on-mobile\"><figure class=\"wp-block-media-text__media\"><img loading=\"lazy\" width=\"1000\" height=\"667\" src=\"https:\/\/storno.net.pl\/wp-content\/uploads\/2022\/08\/Depositphotos_209383086_S.jpg\" alt=\"\" class=\"wp-image-157 size-full\" srcset=\"https:\/\/storno.net.pl\/wp-content\/uploads\/2022\/08\/Depositphotos_209383086_S.jpg 1000w, https:\/\/storno.net.pl\/wp-content\/uploads\/2022\/08\/Depositphotos_209383086_S-300x200.jpg 300w, https:\/\/storno.net.pl\/wp-content\/uploads\/2022\/08\/Depositphotos_209383086_S-768x512.jpg 768w\" sizes=\"(max-width: 1000px) 100vw, 1000px\" \/><\/figure><div class=\"wp-block-media-text__content\">\n<p><strong>Wirtualne Biuro<\/strong><\/p>\n\n\n\n<p>Wirtualne biuro to us\u0142uga, kt\u00f3ra polega na udost\u0119pnieniu adresu dla Twojej firmy. To doskona\u0142e rozwi\u0105zanie dla pocz\u0105tkuj\u0105cych przedsi\u0119biorc\u00f3w &#8211; koszty najmu biura mo\u017cna zminimalizowa\u0107 do wysoko\u015bci znacznie ni\u017cszej ni\u017c przy standardowej, nawet najta\u0144szej op\u0142acie za najem biura.<\/p>\n\n\n\n<p><\/p>\n<\/div><\/div>\n\n\n\n<hr class=\"wp-block-separator has-alpha-channel-opacity\"\/>\n\n\n\n<div class=\"wp-block-media-text alignwide is-stacked-on-mobile\"><figure class=\"wp-block-media-text__media\"><img loading=\"lazy\" width=\"1000\" height=\"563\" src=\"https:\/\/storno.net.pl\/wp-content\/uploads\/2022\/08\/Depositphotos_324841362_S.jpg\" alt=\"\" class=\"wp-image-158 size-full\" srcset=\"https:\/\/storno.net.pl\/wp-content\/uploads\/2022\/08\/Depositphotos_324841362_S.jpg 1000w, https:\/\/storno.net.pl\/wp-content\/uploads\/2022\/08\/Depositphotos_324841362_S-300x169.jpg 300w, https:\/\/storno.net.pl\/wp-content\/uploads\/2022\/08\/Depositphotos_324841362_S-768x432.jpg 768w\" sizes=\"(max-width: 1000px) 100vw, 1000px\" \/><\/figure><div class=\"wp-block-media-text__content\">\n<p><strong>Tworzenie sp\u00f3\u0142ek<\/strong> <\/p>\n\n\n\n<p>Oferujemy mo\u017cliwo\u015b\u0107 utworzenia sp\u00f3\u0142ki lub jednostk\u0119 organizacji nie posiadaj\u0105c\u0105 osobowo\u015bci prawnej. Widniejemy w rejestrze dzia\u0142alno\u015bci na rzecz sp\u00f3\u0142ek lub trust\u00f3w pod numerem <strong>RDST-731<\/strong><\/p>\n<\/div><\/div>\n","protected":false},"excerpt":{"rendered":"<p>Ksi\u0119gowo\u015b\u0107 Oferujemy pe\u0142n\u0105 obs\u0142ug\u0119 ksi\u0119gow\u0105 firmy. Rozliczamy przedsi\u0119biorstwa o r\u00f3\u017cnym profilu dzia\u0142alno\u015bci.Nie tylko rozliczamy, ale r\u00f3wnie\u017c doradzamy naszym Klientom, jakie rozwi\u0105zania b\u0119d\u0105 dla nich najkorzystniejsze w sferze podatkowej. Kadry i P\u0142ace Nasi Klienci nie martwi\u0105 si\u0119 o dokumenty do ZUS, umowy czy naliczanie wynagrodze\u0144 &#8211; mog\u0105 zaj\u0105\u0107 si\u0119 prowadzeniem dzia\u0142alno\u015bci, a sprawy formalne zostawi\u0107 w&hellip; <br \/> <a class=\"read-more\" href=\"https:\/\/storno.net.pl\/index.php\/oferta\/\">Czytaj dalej<\/a><\/p>\n","protected":false},"author":1,"featured_media":0,"parent":0,"menu_order":0,"comment_status":"closed","ping_status":"closed","template":"","meta":[],"yoast_head":"<!-- This site is optimized with the Yoast SEO plugin v20.6 - https:\/\/yoast.com\/wordpress\/plugins\/seo\/ -->\n<title>Oferta - Storno Sp. z o. o.<\/title>\n<meta name=\"description\" content=\"Biuro Rachunkowe Toru\u0144. Biuro Rachunkowe STORNO Sp. z o. o. pe\u0142en profesjonalizm i us\u0142ugi na najwy\u017cszym poziomie.\" \/>\n<meta name=\"robots\" content=\"index, follow, max-snippet:-1, max-image-preview:large, max-video-preview:-1\" \/>\n<link rel=\"canonical\" href=\"https:\/\/storno.net.pl\/index.php\/oferta\/\" \/>\n<meta property=\"og:locale\" content=\"pl_PL\" \/>\n<meta property=\"og:type\" content=\"article\" \/>\n<meta property=\"og:title\" content=\"Oferta - Storno Sp. z o. o.\" \/>\n<meta property=\"og:description\" content=\"Biuro Rachunkowe Toru\u0144. Biuro Rachunkowe STORNO Sp. z o. o. pe\u0142en profesjonalizm i us\u0142ugi na najwy\u017cszym poziomie.\" \/>\n<meta property=\"og:url\" content=\"https:\/\/storno.net.pl\/index.php\/oferta\/\" \/>\n<meta property=\"og:site_name\" content=\"Storno Sp. z o. o.\" \/>\n<meta property=\"article:modified_time\" content=\"2022-08-09T08:05:26+00:00\" \/>\n<meta property=\"og:image\" content=\"https:\/\/storno.net.pl\/wp-content\/uploads\/2022\/08\/Depositphotos_223454960_S.jpg\" \/>\n<meta name=\"twitter:card\" content=\"summary_large_image\" \/>\n<meta name=\"twitter:label1\" content=\"Szacowany czas czytania\" \/>\n\t<meta name=\"twitter:data1\" content=\"3 minuty\" \/>\n<script type=\"application\/ld+json\" class=\"yoast-schema-graph\">{\"@context\":\"https:\/\/schema.org\",\"@graph\":[{\"@type\":\"WebPage\",\"@id\":\"https:\/\/storno.net.pl\/index.php\/oferta\/\",\"url\":\"https:\/\/storno.net.pl\/index.php\/oferta\/\",\"name\":\"Oferta - Storno Sp. z o. o.\",\"isPartOf\":{\"@id\":\"https:\/\/storno.net.pl\/#website\"},\"datePublished\":\"2022-08-04T11:40:25+00:00\",\"dateModified\":\"2022-08-09T08:05:26+00:00\",\"description\":\"Biuro Rachunkowe Toru\u0144. Biuro Rachunkowe STORNO Sp. z o. o. pe\u0142en profesjonalizm i us\u0142ugi na najwy\u017cszym poziomie.\",\"breadcrumb\":{\"@id\":\"https:\/\/storno.net.pl\/index.php\/oferta\/#breadcrumb\"},\"inLanguage\":\"pl-PL\",\"potentialAction\":[{\"@type\":\"ReadAction\",\"target\":[\"https:\/\/storno.net.pl\/index.php\/oferta\/\"]}]},{\"@type\":\"BreadcrumbList\",\"@id\":\"https:\/\/storno.net.pl\/index.php\/oferta\/#breadcrumb\",\"itemListElement\":[{\"@type\":\"ListItem\",\"position\":1,\"name\":\"Strona g\u0142\u00f3wna\",\"item\":\"https:\/\/storno.net.pl\/\"},{\"@type\":\"ListItem\",\"position\":2,\"name\":\"Oferta\"}]},{\"@type\":\"WebSite\",\"@id\":\"https:\/\/storno.net.pl\/#website\",\"url\":\"https:\/\/storno.net.pl\/\",\"name\":\"Storno Sp. z o. o.\",\"description\":\"Storno \u2013 Biuro Rachunkowe Toru\u0144 Kompleksowa obs\u0142uga firm, us\u0142ugi ksi\u0119gowe, prawne,finansowe\",\"publisher\":{\"@id\":\"https:\/\/storno.net.pl\/#organization\"},\"potentialAction\":[{\"@type\":\"SearchAction\",\"target\":{\"@type\":\"EntryPoint\",\"urlTemplate\":\"https:\/\/storno.net.pl\/?s={search_term_string}\"},\"query-input\":\"required name=search_term_string\"}],\"inLanguage\":\"pl-PL\"},{\"@type\":\"Organization\",\"@id\":\"https:\/\/storno.net.pl\/#organization\",\"name\":\"Storno sp. z o. o.\",\"url\":\"https:\/\/storno.net.pl\/\",\"logo\":{\"@type\":\"ImageObject\",\"inLanguage\":\"pl-PL\",\"@id\":\"https:\/\/storno.net.pl\/#\/schema\/logo\/image\/\",\"url\":\"https:\/\/storno.net.pl\/wp-content\/uploads\/2019\/07\/cropped-logo-storno-1-1.jpg\",\"contentUrl\":\"https:\/\/storno.net.pl\/wp-content\/uploads\/2019\/07\/cropped-logo-storno-1-1.jpg\",\"width\":190,\"height\":91,\"caption\":\"Storno sp. z o. o.\"},\"image\":{\"@id\":\"https:\/\/storno.net.pl\/#\/schema\/logo\/image\/\"}}]}<\/script>\n<!-- \/ Yoast SEO plugin. -->","yoast_head_json":{"title":"Oferta - Storno Sp. z o. o.","description":"Biuro Rachunkowe Toru\u0144. Biuro Rachunkowe STORNO Sp. z o. o. pe\u0142en profesjonalizm i us\u0142ugi na najwy\u017cszym poziomie.","robots":{"index":"index","follow":"follow","max-snippet":"max-snippet:-1","max-image-preview":"max-image-preview:large","max-video-preview":"max-video-preview:-1"},"canonical":"https:\/\/storno.net.pl\/index.php\/oferta\/","og_locale":"pl_PL","og_type":"article","og_title":"Oferta - Storno Sp. z o. o.","og_description":"Biuro Rachunkowe Toru\u0144. Biuro Rachunkowe STORNO Sp. z o. o. pe\u0142en profesjonalizm i us\u0142ugi na najwy\u017cszym poziomie.","og_url":"https:\/\/storno.net.pl\/index.php\/oferta\/","og_site_name":"Storno Sp. z o. o.","article_modified_time":"2022-08-09T08:05:26+00:00","og_image":[{"url":"https:\/\/storno.net.pl\/wp-content\/uploads\/2022\/08\/Depositphotos_223454960_S.jpg"}],"twitter_card":"summary_large_image","twitter_misc":{"Szacowany czas czytania":"3 minuty"},"schema":{"@context":"https:\/\/schema.org","@graph":[{"@type":"WebPage","@id":"https:\/\/storno.net.pl\/index.php\/oferta\/","url":"https:\/\/storno.net.pl\/index.php\/oferta\/","name":"Oferta - Storno Sp. z o. o.","isPartOf":{"@id":"https:\/\/storno.net.pl\/#website"},"datePublished":"2022-08-04T11:40:25+00:00","dateModified":"2022-08-09T08:05:26+00:00","description":"Biuro Rachunkowe Toru\u0144. Biuro Rachunkowe STORNO Sp. z o. o. pe\u0142en profesjonalizm i us\u0142ugi na najwy\u017cszym poziomie.","breadcrumb":{"@id":"https:\/\/storno.net.pl\/index.php\/oferta\/#breadcrumb"},"inLanguage":"pl-PL","potentialAction":[{"@type":"ReadAction","target":["https:\/\/storno.net.pl\/index.php\/oferta\/"]}]},{"@type":"BreadcrumbList","@id":"https:\/\/storno.net.pl\/index.php\/oferta\/#breadcrumb","itemListElement":[{"@type":"ListItem","position":1,"name":"Strona g\u0142\u00f3wna","item":"https:\/\/storno.net.pl\/"},{"@type":"ListItem","position":2,"name":"Oferta"}]},{"@type":"WebSite","@id":"https:\/\/storno.net.pl\/#website","url":"https:\/\/storno.net.pl\/","name":"Storno Sp. z o. o.","description":"Storno \u2013 Biuro Rachunkowe Toru\u0144 Kompleksowa obs\u0142uga firm, us\u0142ugi ksi\u0119gowe, prawne,finansowe","publisher":{"@id":"https:\/\/storno.net.pl\/#organization"},"potentialAction":[{"@type":"SearchAction","target":{"@type":"EntryPoint","urlTemplate":"https:\/\/storno.net.pl\/?s={search_term_string}"},"query-input":"required name=search_term_string"}],"inLanguage":"pl-PL"},{"@type":"Organization","@id":"https:\/\/storno.net.pl\/#organization","name":"Storno sp. z o. o.","url":"https:\/\/storno.net.pl\/","logo":{"@type":"ImageObject","inLanguage":"pl-PL","@id":"https:\/\/storno.net.pl\/#\/schema\/logo\/image\/","url":"https:\/\/storno.net.pl\/wp-content\/uploads\/2019\/07\/cropped-logo-storno-1-1.jpg","contentUrl":"https:\/\/storno.net.pl\/wp-content\/uploads\/2019\/07\/cropped-logo-storno-1-1.jpg","width":190,"height":91,"caption":"Storno sp. z o. o."},"image":{"@id":"https:\/\/storno.net.pl\/#\/schema\/logo\/image\/"}}]}},"_links":{"self":[{"href":"https:\/\/storno.net.pl\/index.php\/wp-json\/wp\/v2\/pages\/89"}],"collection":[{"href":"https:\/\/storno.net.pl\/index.php\/wp-json\/wp\/v2\/pages"}],"about":[{"href":"https:\/\/storno.net.pl\/index.php\/wp-json\/wp\/v2\/types\/page"}],"author":[{"embeddable":true,"href":"https:\/\/storno.net.pl\/index.php\/wp-json\/wp\/v2\/users\/1"}],"replies":[{"embeddable":true,"href":"https:\/\/storno.net.pl\/index.php\/wp-json\/wp\/v2\/comments?post=89"}],"version-history":[{"count":4,"href":"https:\/\/storno.net.pl\/index.php\/wp-json\/wp\/v2\/pages\/89\/revisions"}],"predecessor-version":[{"id":161,"href":"https:\/\/storno.net.pl\/index.php\/wp-json\/wp\/v2\/pages\/89\/revisions\/161"}],"wp:attachment":[{"href":"https:\/\/storno.net.pl\/index.php\/wp-json\/wp\/v2\/media?parent=89"}],"curies":[{"name":"wp","href":"https:\/\/api.w.org\/{rel}","templated":true}]}}